{"id":157,"date":"2023-05-03T13:17:17","date_gmt":"2023-05-03T13:17:17","guid":{"rendered":"https:\/\/www.airporttransfersbuenosaires.com\/es\/?page_id=157"},"modified":"2023-05-09T12:50:52","modified_gmt":"2023-05-09T15:50:52","slug":"index-2","status":"publish","type":"page","link":"https:\/\/www.airporttransfersbuenosaires.com\/es\/index.htm","title":{"rendered":"Traslados Buenos Aires"},"content":{"rendered":"\n<div class=\"wp-block-columns is-layout-flex wp-container-core-columns-is-layout-9d6595d7 wp-block-columns-is-layout-flex\">\n<div class=\"wp-block-column is-layout-flow wp-block-column-is-layout-flow\" style=\"flex-basis:66.66%\">\n<h2 class=\"wp-block-heading\"><strong>Traslados Puerta-Puerta las 24 horas en Aeropuertos de Ezeiza y Aeroparque. <\/strong><\/h2>\n\n\n\n<\/div>\n\n\n\n<div class=\"wp-block-column is-layout-flow wp-block-column-is-layout-flow\" style=\"flex-basis:33.33%\">\n<figure class=\"wp-block-image size-large\"><img decoding=\"async\" src=\"https:\/\/www.airporttransfersbuenosaires.com\/es\/wp-content\/uploads\/2023\/05\/receptivo-aeropuerto-buenosaires.jpg\" alt=\"Traslados Buenos Aires\"\/><\/figure>\n<\/div>\n<\/div>\n\n\n\n<hr class=\"wp-block-separator has-alpha-channel-opacity\"\/>\n\n\n\n<div class=\"wp-block-columns is-layout-flex wp-container-core-columns-is-layout-9d6595d7 wp-block-columns-is-layout-flex\">\n<div class=\"wp-block-column is-layout-flow wp-block-column-is-layout-flow\">\n<figure class=\"wp-block-image size-large\"><img decoding=\"async\" src=\"https:\/\/airporttransfersbuenosaires.com\/wp-content\/uploads\/2022\/04\/sedan-transfer-buenos-aires-1.jpg\" alt=\"\"\/><\/figure>\n\n\n\n<p class=\"has-text-align-center\"><strong>Sedan Standard y SUV<\/strong><\/p>\n<\/div>\n\n\n\n<div class=\"wp-block-column is-layout-flow wp-block-column-is-layout-flow\">\n<figure class=\"wp-block-image size-large\"><img decoding=\"async\" src=\"https:\/\/airporttransfersbuenosaires.com\/wp-content\/uploads\/2022\/04\/van-minibus-transfer-buenos-aires-1.jpg\" alt=\"\"\/><\/figure>\n\n\n\n<p class=\"has-text-align-center\"><strong>VANS y MINIBUSES<\/strong><\/p>\n<\/div>\n<\/div>\n\n\n\n<div class=\"wp-block-columns is-layout-flex wp-container-core-columns-is-layout-9d6595d7 wp-block-columns-is-layout-flex\">\n<div class=\"wp-block-column is-layout-flow wp-block-column-is-layout-flow\">\n<figure class=\"wp-block-image size-large\"><img decoding=\"async\" src=\"https:\/\/www.airporttransfersbuenosaires.com\/es\/wp-content\/uploads\/2023\/04\/transfer-aeropuerto-buenos-aires.jpg\" alt=\"\"\/><\/figure>\n<\/div>\n\n\n\n<div class=\"wp-block-column is-layout-flow wp-block-column-is-layout-flow\">\n<figure class=\"wp-block-image size-large\"><img decoding=\"async\" src=\"https:\/\/www.airporttransfersbuenosaires.com\/es\/wp-content\/uploads\/2023\/04\/tarifas-fijas-aeropuerto-buenos-aires.jpg\" alt=\"\"\/><\/figure>\n<\/div>\n\n\n\n<div class=\"wp-block-column is-layout-flow wp-block-column-is-layout-flow\">\n<figure class=\"wp-block-image size-large\"><img decoding=\"async\" src=\"https:\/\/www.airporttransfersbuenosaires.com\/es\/wp-content\/uploads\/2023\/04\/receptivo-aeropuerto-buenos-aires.jpg\" alt=\"\"\/><\/figure>\n<\/div>\n<\/div>\n\n\n\n<div class=\"wp-block-columns is-layout-flex wp-container-core-columns-is-layout-9d6595d7 wp-block-columns-is-layout-flex\">\n<div class=\"wp-block-column is-layout-flow wp-block-column-is-layout-flow\">\n<figure class=\"wp-block-image size-large\"><img decoding=\"async\" src=\"https:\/\/airporttransfersbuenosaires.com\/wp-content\/uploads\/2022\/03\/trip-advisor-airport-transfers-buenos-aires-eze-1.jpg\" alt=\"\"\/><\/figure>\n<\/div>\n\n\n\n<div class=\"wp-block-column is-layout-flow wp-block-column-is-layout-flow\">\n<figure class=\"wp-block-image size-large\"><img decoding=\"async\" src=\"https:\/\/airporttransfersbuenosaires.com\/wp-content\/uploads\/2022\/03\/payments-airport-transfers-buenos-aires.jpg\" alt=\"\"\/><\/figure>\n<\/div>\n<\/div>\n\n\n\n<hr class=\"wp-block-separator has-alpha-channel-opacity\"\/>\n\n\n\n<div class=\"wp-block-columns is-layout-flex wp-container-core-columns-is-layout-9d6595d7 wp-block-columns-is-layout-flex\">\n<div class=\"wp-block-column is-layout-flow wp-block-column-is-layout-flow\">\n<h2 class=\"wp-block-heading\"><strong>Servicios en Aeropuertos de Buenos Aires<\/strong><\/h2>\n\n\n\n<ul class=\"wp-block-list\">\n<li>Disponibilidad las 24 horas del d\u00eda los 365 d\u00edas del a\u00f1o<\/li>\n\n\n\n<li>Transporte puerta-a-puerta <\/li>\n\n\n\n<li>Servicio privado, no se comparte con otros pasajeros<\/li>\n\n\n\n<li><a href=\"https:\/\/airporttransfersbuenosaires.com\/es\/flota.htm\">Veh\u00edculos ejecutivos con aire acondicionado<\/a> <\/li>\n\n\n\n<li>Tarifas fijas &#8220;todo incluido&#8221; <\/li>\n\n\n\n<li>Servicio recpetivo con letrero<\/li>\n\n\n\n<li>Choferes profesionales, expertos en Buenos Aires <\/li>\n<\/ul>\n<\/div>\n\n\n\n<div class=\"wp-block-column is-layout-flow wp-block-column-is-layout-flow\">\n<h2 class=\"wp-block-heading\"><strong>Transfer Aeropuerto Buenos Aires desde\/hacia<\/strong><\/h2>\n\n\n\n<ul class=\"wp-block-list\">\n<li><a href=\"https:\/\/airporttransfersbuenosaires.com\/es\/traslados-aeropuertos-eze-aep-epa.htm\">Aeropuerto Internacional (Ezeiza &#8211; EZE) Ministro Pistarini<\/a><\/li>\n\n\n\n<li><a href=\"https:\/\/airporttransfersbuenosaires.com\/es\/traslados-aeropuertos-eze-aep-epa.htm\">Aeropuerto Nacional (Aeroparque \u2013 AEP) Jorge Newbery<\/a><\/li>\n\n\n\n<li>Todos los Hoteles y Apartamentos en Buenos Aires<\/li>\n\n\n\n<li><a href=\"https:\/\/airporttransfersbuenosaires.com\/es\/traslados-terminal-cruceros.htm\">Terminal de Cruceros Benito Quinquela Martin<\/a><\/li>\n\n\n\n<li>Traslados entre Aeropuertos (EZE-AEP), Conexi\u00f3n de vuelos<\/li>\n\n\n\n<li>Servicio de chofer personal por hora<\/li>\n<\/ul>\n<\/div>\n<\/div>\n\n\n\n<hr class=\"wp-block-separator has-alpha-channel-opacity\"\/>\n\n\n<div class=\"wp-block-image\">\n<figure class=\"aligncenter size-large\"><img decoding=\"async\" src=\"https:\/\/airporttransfersbuenosaires.com\/wp-content\/uploads\/2022\/03\/airport-transfer-buenos-aires.jpg\" alt=\"Traslados Buenos Aires\"\/><\/figure>\n<\/div>\n\n\n<hr class=\"wp-block-separator has-alpha-channel-opacity\"\/>\n\n\n\n<h2 class=\"wp-block-heading has-text-align-center\">Traslados Buenos Aires <\/h2>\n\n\n\n<p class=\"has-text-align-center\"><span style=\"text-decoration: underline;\">Preguntas frecuentes<\/span><\/p>\n\n\n\n<ul class=\"wp-block-list\">\n<li><strong>\u00bfC\u00f3mo encuentro al chofer en el Aeropuerto?<\/strong> Los aeropuertos de Buenos Aires son ca\u00f3ticos, sigua el siguiente procedimiento: recoja su equipaje y pase por la aduana. Despu\u00e9s de eso, ver\u00e1 a varios conductores con carteles en una sala de llegadas muy desorganizada. Tenga paciencia y busque su nombre (esto puede tardar un par de minutos debido a la falta de orden).<\/li>\n\n\n\n<li><strong>\u00bfQu\u00e9 sucede si el vuelo se demora o cancela?<\/strong> Realizamos un seguimiento de los vuelos v\u00eda internet. Si surgieran demoras razonables el chofer aguardara por usted. Si el vuelo es cancelado y recibimos de forma inmediata su nuevo vuelo de llegada, intentaremos por todos los medios atender su reserva siempre que contemos con disponibilidad para la nueva fecha\/hora de llegada.<\/li>\n\n\n\n<li><strong>\u00bfCu\u00e1nto tiempo toma ir desde Ezeiza a Aeroparque?<\/strong> El viaje entre los 2 aeropuertos de Buenos Aires toma entre una hora y una hora y media de manejo, en horas pico puede ser un poco m\u00e1s. Sugerimos un m\u00ednimo de 3 o 4 horas entre vuelos para hacer una conexi\u00f3n entre aeropuertos.<\/li>\n\n\n\n<li><strong>\u00bfTiene m\u00e1s preguntas?<\/strong> <a href=\"https:\/\/airporttransfersbuenosaires.com\/es\/preguntas-frecuentes-traslados-aeropuerto.htm\" target=\"_blank\" rel=\"noreferrer noopener\">Visite nuestra secci\u00f3n completa de preguntas frecuentes aqu\u00ed<\/a>.<\/li>\n<\/ul>\n\n\n\n<div class=\"wp-block-columns is-layout-flex wp-container-core-columns-is-layout-9d6595d7 wp-block-columns-is-layout-flex\">\n<div class=\"wp-block-column is-layout-flow wp-block-column-is-layout-flow\">\n<figure class=\"wp-block-image size-large\"><a href=\"https:\/\/airporttransfersbuenosaires.com\/es\/contacto.htm\"><img decoding=\"async\" src=\"https:\/\/airporttransfersbuenosaires.com\/img\/contacto-transfers-aeropuerto-buenos-aires.jpg\" alt=\"\"\/><\/a><\/figure>\n<\/div>\n\n\n\n<div class=\"wp-block-column is-layout-flow wp-block-column-is-layout-flow\">\n<figure class=\"wp-block-image size-large\"><a href=\"https:\/\/www.airporttransfersbuenosaires.com\/es\/comentarios.htm\"><img decoding=\"async\" src=\"https:\/\/www.airporttransfersbuenosaires.com\/img\/opininies-translados-aeropuerto-buenos-aires.jpg\" alt=\"\"\/><\/a><\/figure>\n<\/div>\n\n\n\n<div class=\"wp-block-column is-layout-flow wp-block-column-is-layout-flow\">\n<figure class=\"wp-block-image size-large\"><a href=\"https:\/\/www.airporttransfersbuenosaires.com\/es\/preguntas-frecuentes-traslados-aeropuerto.htm\"><img decoding=\"async\" src=\"https:\/\/www.airporttransfersbuenosaires.com\/img\/preguntas-frecuantes-transfers-buenos-aires.jpg\" alt=\"\"\/><\/a><\/figure>\n<\/div>\n<\/div>\n\n\n\n<hr class=\"wp-block-separator has-alpha-channel-opacity\"\/>\n","protected":false},"excerpt":{"rendered":"<p>Traslados Puerta-Puerta las 24 horas en Aeropuertos de Ezeiza y Aeroparque. Sedan Standard y SUV VANS y MINIBUSES Servicios en Aeropuertos de Buenos Aires Transfer Aeropuerto Buenos Aires desde\/hacia Traslados Buenos Aires Preguntas frecuentes<\/p>\n","protected":false},"author":1,"featured_media":0,"parent":0,"menu_order":0,"comment_status":"closed","ping_status":"closed","template":"","meta":{"footnotes":""},"class_list":["post-157","page","type-page","status-publish"],"yoast_head":"<!-- This site is optimized with the Yoast SEO plugin v27.6 - https:\/\/yoast.com\/product\/yoast-seo-wordpress\/ -->\n<title>Traslados Buenos Aires - Ezeiza y Aeroparque - Aeropuertos<\/title>\n<meta name=\"description\" content=\"Traslados Buenos Aires - Ezeiza y Aeroparque - Aeropuertos - Servicio ejecutivo privado con chofer personal. Reserva online.\" \/>\n<meta name=\"robots\" content=\"index, follow, max-snippet:-1, max-image-preview:large, max-video-preview:-1\" \/>\n<link rel=\"canonical\" href=\"https:\/\/www.airporttransfersbuenosaires.com\/es\/index.htm\" \/>\n<meta property=\"og:locale\" content=\"es_ES\" \/>\n<meta property=\"og:type\" content=\"article\" \/>\n<meta property=\"og:title\" content=\"Traslados Buenos Aires - Ezeiza y Aeroparque - Aeropuertos\" \/>\n<meta property=\"og:description\" content=\"Traslados Buenos Aires - Ezeiza y Aeroparque - Aeropuertos - Servicio ejecutivo privado con chofer personal. Reserva online.\" \/>\n<meta property=\"og:url\" content=\"https:\/\/www.airporttransfersbuenosaires.com\/es\/index.htm\" \/>\n<meta property=\"og:site_name\" content=\"Airport Transfers Buenos Aires\" \/>\n<meta property=\"article:modified_time\" content=\"2023-05-09T15:50:52+00:00\" \/>\n<meta property=\"og:image\" content=\"https:\/\/www.airporttransfersbuenosaires.com\/es\/wp-content\/uploads\/2023\/05\/receptivo-aeropuerto-buenosaires.jpg\" \/>\n<meta name=\"twitter:card\" content=\"summary_large_image\" \/>\n<meta name=\"twitter:label1\" content=\"Tiempo de lectura\" \/>\n\t<meta name=\"twitter:data1\" content=\"4 minutos\" \/>\n<script type=\"application\/ld+json\" class=\"yoast-schema-graph\">{\"@context\":\"https:\\\/\\\/schema.org\",\"@graph\":[{\"@type\":\"WebPage\",\"@id\":\"https:\\\/\\\/www.airporttransfersbuenosaires.com\\\/es\\\/index.htm\",\"url\":\"https:\\\/\\\/www.airporttransfersbuenosaires.com\\\/es\\\/index.htm\",\"name\":\"Traslados Buenos Aires - Ezeiza y Aeroparque - Aeropuertos\",\"isPartOf\":{\"@id\":\"http:\\\/\\\/box2202.temp.domains\\\/~buenosa2\\\/airporttransfersbuenosaires\\\/es\\\/#website\"},\"primaryImageOfPage\":{\"@id\":\"https:\\\/\\\/www.airporttransfersbuenosaires.com\\\/es\\\/index.htm#primaryimage\"},\"image\":{\"@id\":\"https:\\\/\\\/www.airporttransfersbuenosaires.com\\\/es\\\/index.htm#primaryimage\"},\"thumbnailUrl\":\"https:\\\/\\\/www.airporttransfersbuenosaires.com\\\/es\\\/wp-content\\\/uploads\\\/2023\\\/05\\\/receptivo-aeropuerto-buenosaires.jpg\",\"datePublished\":\"2023-05-03T13:17:17+00:00\",\"dateModified\":\"2023-05-09T15:50:52+00:00\",\"description\":\"Traslados Buenos Aires - Ezeiza y Aeroparque - Aeropuertos - Servicio ejecutivo privado con chofer personal. Reserva online.\",\"breadcrumb\":{\"@id\":\"https:\\\/\\\/www.airporttransfersbuenosaires.com\\\/es\\\/index.htm#breadcrumb\"},\"inLanguage\":\"es\",\"potentialAction\":[{\"@type\":\"ReadAction\",\"target\":[\"https:\\\/\\\/www.airporttransfersbuenosaires.com\\\/es\\\/index.htm\"]}]},{\"@type\":\"ImageObject\",\"inLanguage\":\"es\",\"@id\":\"https:\\\/\\\/www.airporttransfersbuenosaires.com\\\/es\\\/index.htm#primaryimage\",\"url\":\"https:\\\/\\\/www.airporttransfersbuenosaires.com\\\/es\\\/wp-content\\\/uploads\\\/2023\\\/05\\\/receptivo-aeropuerto-buenosaires.jpg\",\"contentUrl\":\"https:\\\/\\\/www.airporttransfersbuenosaires.com\\\/es\\\/wp-content\\\/uploads\\\/2023\\\/05\\\/receptivo-aeropuerto-buenosaires.jpg\",\"width\":450,\"height\":523},{\"@type\":\"BreadcrumbList\",\"@id\":\"https:\\\/\\\/www.airporttransfersbuenosaires.com\\\/es\\\/index.htm#breadcrumb\",\"itemListElement\":[{\"@type\":\"ListItem\",\"position\":1,\"name\":\"Home\",\"item\":\"https:\\\/\\\/www.airporttransfersbuenosaires.com\\\/es\\\/\"},{\"@type\":\"ListItem\",\"position\":2,\"name\":\"Traslados Buenos Aires\"}]},{\"@type\":\"WebSite\",\"@id\":\"http:\\\/\\\/box2202.temp.domains\\\/~buenosa2\\\/airporttransfersbuenosaires\\\/es\\\/#website\",\"url\":\"http:\\\/\\\/box2202.temp.domains\\\/~buenosa2\\\/airporttransfersbuenosaires\\\/es\\\/\",\"name\":\"Airport Transfers Buenos Aires\",\"description\":\"Traslados Aeropuerto en Buenos Aires\",\"publisher\":{\"@id\":\"http:\\\/\\\/box2202.temp.domains\\\/~buenosa2\\\/airporttransfersbuenosaires\\\/es\\\/#organization\"},\"potentialAction\":[{\"@type\":\"SearchAction\",\"target\":{\"@type\":\"EntryPoint\",\"urlTemplate\":\"http:\\\/\\\/box2202.temp.domains\\\/~buenosa2\\\/airporttransfersbuenosaires\\\/es\\\/?s={search_term_string}\"},\"query-input\":{\"@type\":\"PropertyValueSpecification\",\"valueRequired\":true,\"valueName\":\"search_term_string\"}}],\"inLanguage\":\"es\"},{\"@type\":\"Organization\",\"@id\":\"http:\\\/\\\/box2202.temp.domains\\\/~buenosa2\\\/airporttransfersbuenosaires\\\/es\\\/#organization\",\"name\":\"Airport Transfers Buenos Aires\",\"url\":\"http:\\\/\\\/box2202.temp.domains\\\/~buenosa2\\\/airporttransfersbuenosaires\\\/es\\\/\",\"logo\":{\"@type\":\"ImageObject\",\"inLanguage\":\"es\",\"@id\":\"http:\\\/\\\/box2202.temp.domains\\\/~buenosa2\\\/airporttransfersbuenosaires\\\/es\\\/#\\\/schema\\\/logo\\\/image\\\/\",\"url\":\"https:\\\/\\\/www.airporttransfersbuenosaires.com\\\/es\\\/wp-content\\\/uploads\\\/2025\\\/06\\\/cropped-airport-transfers-buenos-aires-logo-black.jpg\",\"contentUrl\":\"https:\\\/\\\/www.airporttransfersbuenosaires.com\\\/es\\\/wp-content\\\/uploads\\\/2025\\\/06\\\/cropped-airport-transfers-buenos-aires-logo-black.jpg\",\"width\":1078,\"height\":341,\"caption\":\"Airport Transfers Buenos Aires\"},\"image\":{\"@id\":\"http:\\\/\\\/box2202.temp.domains\\\/~buenosa2\\\/airporttransfersbuenosaires\\\/es\\\/#\\\/schema\\\/logo\\\/image\\\/\"}}]}<\/script>\n<!-- \/ Yoast SEO plugin. -->","yoast_head_json":{"title":"Traslados Buenos Aires - Ezeiza y Aeroparque - Aeropuertos","description":"Traslados Buenos Aires - Ezeiza y Aeroparque - Aeropuertos - Servicio ejecutivo privado con chofer personal. Reserva online.","robots":{"index":"index","follow":"follow","max-snippet":"max-snippet:-1","max-image-preview":"max-image-preview:large","max-video-preview":"max-video-preview:-1"},"canonical":"https:\/\/www.airporttransfersbuenosaires.com\/es\/index.htm","og_locale":"es_ES","og_type":"article","og_title":"Traslados Buenos Aires - Ezeiza y Aeroparque - Aeropuertos","og_description":"Traslados Buenos Aires - Ezeiza y Aeroparque - Aeropuertos - Servicio ejecutivo privado con chofer personal. Reserva online.","og_url":"https:\/\/www.airporttransfersbuenosaires.com\/es\/index.htm","og_site_name":"Airport Transfers Buenos Aires","article_modified_time":"2023-05-09T15:50:52+00:00","og_image":[{"url":"https:\/\/www.airporttransfersbuenosaires.com\/es\/wp-content\/uploads\/2023\/05\/receptivo-aeropuerto-buenosaires.jpg","type":"","width":"","height":""}],"twitter_card":"summary_large_image","twitter_misc":{"Tiempo de lectura":"4 minutos"},"schema":{"@context":"https:\/\/schema.org","@graph":[{"@type":"WebPage","@id":"https:\/\/www.airporttransfersbuenosaires.com\/es\/index.htm","url":"https:\/\/www.airporttransfersbuenosaires.com\/es\/index.htm","name":"Traslados Buenos Aires - Ezeiza y Aeroparque - Aeropuertos","isPartOf":{"@id":"http:\/\/box2202.temp.domains\/~buenosa2\/airporttransfersbuenosaires\/es\/#website"},"primaryImageOfPage":{"@id":"https:\/\/www.airporttransfersbuenosaires.com\/es\/index.htm#primaryimage"},"image":{"@id":"https:\/\/www.airporttransfersbuenosaires.com\/es\/index.htm#primaryimage"},"thumbnailUrl":"https:\/\/www.airporttransfersbuenosaires.com\/es\/wp-content\/uploads\/2023\/05\/receptivo-aeropuerto-buenosaires.jpg","datePublished":"2023-05-03T13:17:17+00:00","dateModified":"2023-05-09T15:50:52+00:00","description":"Traslados Buenos Aires - Ezeiza y Aeroparque - Aeropuertos - Servicio ejecutivo privado con chofer personal. Reserva online.","breadcrumb":{"@id":"https:\/\/www.airporttransfersbuenosaires.com\/es\/index.htm#breadcrumb"},"inLanguage":"es","potentialAction":[{"@type":"ReadAction","target":["https:\/\/www.airporttransfersbuenosaires.com\/es\/index.htm"]}]},{"@type":"ImageObject","inLanguage":"es","@id":"https:\/\/www.airporttransfersbuenosaires.com\/es\/index.htm#primaryimage","url":"https:\/\/www.airporttransfersbuenosaires.com\/es\/wp-content\/uploads\/2023\/05\/receptivo-aeropuerto-buenosaires.jpg","contentUrl":"https:\/\/www.airporttransfersbuenosaires.com\/es\/wp-content\/uploads\/2023\/05\/receptivo-aeropuerto-buenosaires.jpg","width":450,"height":523},{"@type":"BreadcrumbList","@id":"https:\/\/www.airporttransfersbuenosaires.com\/es\/index.htm#breadcrumb","itemListElement":[{"@type":"ListItem","position":1,"name":"Home","item":"https:\/\/www.airporttransfersbuenosaires.com\/es\/"},{"@type":"ListItem","position":2,"name":"Traslados Buenos Aires"}]},{"@type":"WebSite","@id":"http:\/\/box2202.temp.domains\/~buenosa2\/airporttransfersbuenosaires\/es\/#website","url":"http:\/\/box2202.temp.domains\/~buenosa2\/airporttransfersbuenosaires\/es\/","name":"Airport Transfers Buenos Aires","description":"Traslados Aeropuerto en Buenos Aires","publisher":{"@id":"http:\/\/box2202.temp.domains\/~buenosa2\/airporttransfersbuenosaires\/es\/#organization"},"potentialAction":[{"@type":"SearchAction","target":{"@type":"EntryPoint","urlTemplate":"http:\/\/box2202.temp.domains\/~buenosa2\/airporttransfersbuenosaires\/es\/?s={search_term_string}"},"query-input":{"@type":"PropertyValueSpecification","valueRequired":true,"valueName":"search_term_string"}}],"inLanguage":"es"},{"@type":"Organization","@id":"http:\/\/box2202.temp.domains\/~buenosa2\/airporttransfersbuenosaires\/es\/#organization","name":"Airport Transfers Buenos Aires","url":"http:\/\/box2202.temp.domains\/~buenosa2\/airporttransfersbuenosaires\/es\/","logo":{"@type":"ImageObject","inLanguage":"es","@id":"http:\/\/box2202.temp.domains\/~buenosa2\/airporttransfersbuenosaires\/es\/#\/schema\/logo\/image\/","url":"https:\/\/www.airporttransfersbuenosaires.com\/es\/wp-content\/uploads\/2025\/06\/cropped-airport-transfers-buenos-aires-logo-black.jpg","contentUrl":"https:\/\/www.airporttransfersbuenosaires.com\/es\/wp-content\/uploads\/2025\/06\/cropped-airport-transfers-buenos-aires-logo-black.jpg","width":1078,"height":341,"caption":"Airport Transfers Buenos Aires"},"image":{"@id":"http:\/\/box2202.temp.domains\/~buenosa2\/airporttransfersbuenosaires\/es\/#\/schema\/logo\/image\/"}}]}},"_links":{"self":[{"href":"https:\/\/www.airporttransfersbuenosaires.com\/es\/wp-json\/wp\/v2\/pages\/157","targetHints":{"allow":["GET"]}}],"collection":[{"href":"https:\/\/www.airporttransfersbuenosaires.com\/es\/wp-json\/wp\/v2\/pages"}],"about":[{"href":"https:\/\/www.airporttransfersbuenosaires.com\/es\/wp-json\/wp\/v2\/types\/page"}],"author":[{"embeddable":true,"href":"https:\/\/www.airporttransfersbuenosaires.com\/es\/wp-json\/wp\/v2\/users\/1"}],"replies":[{"embeddable":true,"href":"https:\/\/www.airporttransfersbuenosaires.com\/es\/wp-json\/wp\/v2\/comments?post=157"}],"version-history":[{"count":2,"href":"https:\/\/www.airporttransfersbuenosaires.com\/es\/wp-json\/wp\/v2\/pages\/157\/revisions"}],"predecessor-version":[{"id":189,"href":"https:\/\/www.airporttransfersbuenosaires.com\/es\/wp-json\/wp\/v2\/pages\/157\/revisions\/189"}],"wp:attachment":[{"href":"https:\/\/www.airporttransfersbuenosaires.com\/es\/wp-json\/wp\/v2\/media?parent=157"}],"curies":[{"name":"wp","href":"https:\/\/api.w.org\/{rel}","templated":true}]}}