{"id":37,"date":"2023-04-25T20:27:44","date_gmt":"2023-04-25T20:27:44","guid":{"rendered":"https:\/\/www.airporttransfersbuenosaires.com\/es\/?page_id=37"},"modified":"2025-06-09T10:01:59","modified_gmt":"2025-06-09T13:01:59","slug":"tours","status":"publish","type":"page","link":"https:\/\/www.airporttransfersbuenosaires.com\/es\/tours.htm","title":{"rendered":""},"content":{"rendered":"\n<div class=\"wp-block-cover alignfull is-light\"><img decoding=\"async\" class=\"wp-block-cover__image-background wp-image-2133\" alt=\"\" src=\"https:\/\/airporttransfersbuenosaires.com\/wp-content\/uploads\/2025\/03\/buenos-aires-city-tour.jpg\" style=\"object-position:45% 41%\" data-object-fit=\"cover\" data-object-position=\"45% 41%\"\/><span aria-hidden=\"true\" class=\"wp-block-cover__background has-black-background-color has-background-dim\"><\/span><div class=\"wp-block-cover__inner-container is-layout-constrained wp-block-cover-is-layout-constrained\">\n<h2 class=\"wp-block-heading has-text-align-center has-base-3-color has-text-color has-link-color has-large-font-size wp-elements-99638d1d87c69fe1e3d485e9147c1bec\"><strong>Tours privados en Buenos Aires<\/strong><\/h2>\n\n\n\n<p class=\"has-text-align-center has-base-3-color has-text-color has-link-color wp-elements-524aed015403e01d2ec1551604cd234e\">Visitas tur\u00edsticas, excursiones, experiencias y excursiones de un d\u00eda.<\/p>\n\n\n<div class=\"wp-block-image\">\n<figure class=\"aligncenter size-full is-resized\"><img decoding=\"async\" src=\"https:\/\/airporttransfersbuenosaires.com\/wp-content\/uploads\/2025\/03\/trip-advisor-modified-1.png\" alt=\"Buenos Aires Private Tours\" class=\"wp-image-1964\" style=\"width:221px;height:auto\"\/><\/figure>\n<\/div><\/div><\/div>\n\n\n\n<p><\/p>\n\n\n\n<div class=\"wp-block-columns is-layout-flex wp-container-core-columns-is-layout-9d6595d7 wp-block-columns-is-layout-flex\">\n<div class=\"wp-block-column is-layout-flow wp-block-column-is-layout-flow\">\n<figure class=\"wp-block-image size-full\"><img loading=\"lazy\" decoding=\"async\" width=\"768\" height=\"432\" src=\"https:\/\/www.airporttransfersbuenosaires.com\/es\/wp-content\/uploads\/2025\/05\/Tranfers-Buenos-Aires-City-Tour-768x432-1.png\" alt=\"\" class=\"wp-image-860\" srcset=\"https:\/\/www.airporttransfersbuenosaires.com\/es\/wp-content\/uploads\/2025\/05\/Tranfers-Buenos-Aires-City-Tour-768x432-1.png 768w, https:\/\/www.airporttransfersbuenosaires.com\/es\/wp-content\/uploads\/2025\/05\/Tranfers-Buenos-Aires-City-Tour-768x432-1-300x169.png 300w\" sizes=\"auto, (max-width: 768px) 100vw, 768px\" \/><\/figure>\n<\/div>\n\n\n\n<div class=\"wp-block-column is-layout-flow wp-block-column-is-layout-flow\">\n<h2 class=\"wp-block-heading has-text-align-center\"><strong>City Tour Buenos Aires<\/strong><\/h2>\n\n\n\n<p>Experiencia tur\u00edstica sin horarios r\u00edgidos. Servicio privado exclusivo para usted en un veh\u00edculo c\u00f3modo y con un amable gu\u00eda local profesional. El itinerario incluye visita a los barrios hist\u00f3ricos de San Telmo y La Boca. Centro Hist\u00f3rico, Plaza de Mayo, Puerto Madero, Recoleta y Palermo. Los principales puntos tur\u00edsticos est\u00e1n cubiertos en la ruta del tour. Una oportunidad \u00fanica de descubrir lo mejor de Buenos Aires a su propio ritmo, sin ajustarse a itinerarios prefijados o tours masivos<\/p>\n\n\n\n<div class=\"wp-block-buttons is-content-justification-center is-layout-flex wp-container-core-buttons-is-layout-16018d1d wp-block-buttons-is-layout-flex\">\n<div class=\"wp-block-button has-custom-width wp-block-button__width-75\"><a class=\"wp-block-button__link has-base-3-color has-contrast-background-color has-text-color has-background has-link-color has-medium-font-size has-custom-font-size wp-element-button\" href=\"https:\/\/www.airporttransfersbuenosaires.com\/es\/contacto.htm\" style=\"border-radius:10px\"><strong><span style=\"text-decoration: underline;\">Reservar ahora!<\/span><\/strong><\/a><\/div>\n<\/div>\n<\/div>\n<\/div>\n\n\n\n<hr class=\"wp-block-separator has-alpha-channel-opacity\"\/>\n\n\n\n<div class=\"wp-block-columns is-layout-flex wp-container-core-columns-is-layout-9d6595d7 wp-block-columns-is-layout-flex\">\n<div class=\"wp-block-column is-layout-flow wp-block-column-is-layout-flow\">\n<figure class=\"wp-block-image size-full\"><img loading=\"lazy\" decoding=\"async\" width=\"768\" height=\"432\" src=\"https:\/\/www.airporttransfersbuenosaires.com\/es\/wp-content\/uploads\/2025\/05\/Transfers-Tango-Show-Buenos-Aires-768x432-1.png\" alt=\"\" class=\"wp-image-861\" srcset=\"https:\/\/www.airporttransfersbuenosaires.com\/es\/wp-content\/uploads\/2025\/05\/Transfers-Tango-Show-Buenos-Aires-768x432-1.png 768w, https:\/\/www.airporttransfersbuenosaires.com\/es\/wp-content\/uploads\/2025\/05\/Transfers-Tango-Show-Buenos-Aires-768x432-1-300x169.png 300w\" sizes=\"auto, (max-width: 768px) 100vw, 768px\" \/><\/figure>\n<\/div>\n\n\n\n<div class=\"wp-block-column is-layout-flow wp-block-column-is-layout-flow\">\n<h2 class=\"wp-block-heading has-text-align-center\"><strong>Show de Tango Buenos Aires<\/strong><\/h2>\n\n\n\n<p>Experimente uno de los mejores espect\u00e1culos de tango de Buenos Aires, una verdadera fiesta tradicional argentina. El Querand\u00ed, tradicional casa de Tengo en el barrio de San Telmo, alberga lo que muchos consideran el mejor espect\u00e1culo de tango de Buenos Aires. El baile apasionado y sensual lo cautivar\u00e1.<\/p>\n\n\n\n<p>El show repasa un recorrido por la historia del Tango en cinco bloques de \u00e9poca: \u201cOr\u00edgenes\u201d, \u201cInmigrantes y Arrabal\u201d, \u201cGardel, el Tango Canci\u00f3n\u201d, \u201cSalones y Milongas\u201d, \u201cModernismo\u201d. El servicio incluye una exquisita cena a la carta de tres pasos, (m\u00e1s de veinte opciones de platos entre entradas, plato principales y postres). Platos vegetarianos y aptos celiacos. Acompa\u00f1ados por incomparables vinos Argentinos.<\/p>\n\n\n\n<div class=\"wp-block-buttons is-content-justification-center is-layout-flex wp-container-core-buttons-is-layout-16018d1d wp-block-buttons-is-layout-flex\">\n<div class=\"wp-block-button has-custom-width wp-block-button__width-75\"><a class=\"wp-block-button__link has-base-3-color has-contrast-background-color has-text-color has-background has-link-color has-medium-font-size has-custom-font-size wp-element-button\" href=\"https:\/\/www.airporttransfersbuenosaires.com\/es\/contacto.htm\" style=\"border-radius:10px\"><strong><span style=\"text-decoration: underline;\">Reservar ahora!<\/span><\/strong><\/a><\/div>\n<\/div>\n<\/div>\n<\/div>\n\n\n\n<hr class=\"wp-block-separator has-alpha-channel-opacity\"\/>\n\n\n\n<div class=\"wp-block-columns is-layout-flex wp-container-core-columns-is-layout-9d6595d7 wp-block-columns-is-layout-flex\">\n<div class=\"wp-block-column is-layout-flow wp-block-column-is-layout-flow\">\n<figure class=\"wp-block-image size-full\"><img loading=\"lazy\" decoding=\"async\" width=\"768\" height=\"432\" src=\"https:\/\/www.airporttransfersbuenosaires.com\/es\/wp-content\/uploads\/2025\/05\/Tranfers-Gaucho-Party-and-Ranch-Tour-768x432-1.png\" alt=\"\" class=\"wp-image-862\" srcset=\"https:\/\/www.airporttransfersbuenosaires.com\/es\/wp-content\/uploads\/2025\/05\/Tranfers-Gaucho-Party-and-Ranch-Tour-768x432-1.png 768w, https:\/\/www.airporttransfersbuenosaires.com\/es\/wp-content\/uploads\/2025\/05\/Tranfers-Gaucho-Party-and-Ranch-Tour-768x432-1-300x169.png 300w\" sizes=\"auto, (max-width: 768px) 100vw, 768px\" \/><\/figure>\n<\/div>\n\n\n\n<div class=\"wp-block-column is-layout-flow wp-block-column-is-layout-flow\">\n<h2 class=\"wp-block-heading\"><strong>Fiesta Gaucha y Tour a Estancia<\/strong><\/h2>\n\n\n\n<p>Disfrute de un Tradicional d\u00eda de campo en la &#8220;Pampa&#8221; argentina en una experiencia de d\u00eda completo. El servicio comienza con una recepci\u00f3n de empanadas y vino en el pub de la estancia. Visita guiada al museo y capilla en el interior de la Estancia, haciendo un r\u00e1pido repaso sobre las caracter\u00edsticas \u00fanicas del <em><a href=\"https:\/\/es.wikipedia.org\/wiki\/Gaucho\" target=\"_blank\" rel=\"noreferrer noopener\">&#8220;Gaucho&#8221;<\/a><\/em>. Luego usted podr\u00e1 disfrutar de un almuerzo t\u00edpico con excelentes carnes y reses argentinas tambi\u00e9n conocido como \u201cAsado\u201d seguido de un espect\u00e1culo de tango y folklore. Un paseo en Carro de Caballos y cabalgata est\u00e1n tambi\u00e9n disponibles como actividades opcionales. La Estancia est\u00e1 ubicada en la Pampa, a 80 km de la ciudad de Buenos Aires. El transporte con recogida y devoluci\u00f3n a su hotel est\u00e1 incluido.<\/p>\n\n\n\n<div class=\"wp-block-buttons is-content-justification-center is-layout-flex wp-container-core-buttons-is-layout-16018d1d wp-block-buttons-is-layout-flex\">\n<div class=\"wp-block-button has-custom-width wp-block-button__width-75\"><a class=\"wp-block-button__link has-base-3-color has-contrast-background-color has-text-color has-background has-link-color has-medium-font-size has-custom-font-size wp-element-button\" href=\"https:\/\/www.airporttransfersbuenosaires.com\/es\/contacto.htm\" style=\"border-radius:10px\"><strong><span style=\"text-decoration: underline;\">Reservar ahora!<\/span><\/strong><\/a><\/div>\n<\/div>\n<\/div>\n<\/div>\n\n\n\n<hr class=\"wp-block-separator has-alpha-channel-opacity\"\/>\n\n\n\n<div class=\"wp-block-columns is-layout-flex wp-container-core-columns-is-layout-9d6595d7 wp-block-columns-is-layout-flex\">\n<div class=\"wp-block-column is-layout-flow wp-block-column-is-layout-flow\" style=\"flex-basis:100%\">\n<div class=\"wp-block-columns is-layout-flex wp-container-core-columns-is-layout-9d6595d7 wp-block-columns-is-layout-flex\">\n<div class=\"wp-block-column is-layout-flow wp-block-column-is-layout-flow\">\n<figure class=\"wp-block-image size-full\"><img loading=\"lazy\" decoding=\"async\" width=\"768\" height=\"432\" src=\"https:\/\/www.airporttransfersbuenosaires.com\/es\/wp-content\/uploads\/2025\/05\/Transfers-Tigre-Delta-Tour-Boat-Ride-768x432-1.png\" alt=\"\" class=\"wp-image-863\" srcset=\"https:\/\/www.airporttransfersbuenosaires.com\/es\/wp-content\/uploads\/2025\/05\/Transfers-Tigre-Delta-Tour-Boat-Ride-768x432-1.png 768w, https:\/\/www.airporttransfersbuenosaires.com\/es\/wp-content\/uploads\/2025\/05\/Transfers-Tigre-Delta-Tour-Boat-Ride-768x432-1-300x169.png 300w\" sizes=\"auto, (max-width: 768px) 100vw, 768px\" \/><\/figure>\n<\/div>\n\n\n\n<div class=\"wp-block-column is-layout-flow wp-block-column-is-layout-flow\">\n<h2 class=\"wp-block-heading\"><strong>Tour al Delta del Tigre + Paseo en Braco<\/strong><\/h2>\n\n\n\n<p>Descubra una selva subtropical de 25.000 Km2 atravesada por canales, r\u00edos e islas a pocos minutos de la gran ciudad. Saliendo desde Buenos Aires el servicio incluye una parada en la plaza central de San Isidro antes de llegar a Tigre, donde se podr\u00e1 visitar la Catedral y un breve recorrido por los lujosos suburbios de Buenos Aires. Luego, una vez llegados a Tigre, se abordar\u00e1 una embarcaci\u00f3n que transitar\u00e1 un recorrido por los principales canales del Delta pasando por los mas destacados atractivos tur\u00edsticos e edificios hist\u00f3ricos de Tigre. El servicio se realiza en veh\u00edculo privado con gu\u00eda personal, exclusivo para su grupo. Solo el paseo en barco ser\u00e1 compartido con otros pasajeros. Podemos recogerlo en cualquier hotel de Buenos Aires.<\/p>\n\n\n\n<div class=\"wp-block-buttons is-content-justification-center is-layout-flex wp-container-core-buttons-is-layout-16018d1d wp-block-buttons-is-layout-flex\">\n<div class=\"wp-block-button has-custom-width wp-block-button__width-75\"><a class=\"wp-block-button__link has-base-3-color has-contrast-background-color has-text-color has-background has-link-color has-medium-font-size has-custom-font-size wp-element-button\" href=\"https:\/\/www.airporttransfersbuenosaires.com\/es\/contacto.htm\" style=\"border-radius:10px\"><strong><span style=\"text-decoration: underline;\">Reservar ahora!<\/span><\/strong><\/a><\/div>\n<\/div>\n<\/div>\n<\/div>\n<\/div>\n<\/div>\n\n\n\n<hr class=\"wp-block-separator has-alpha-channel-opacity\"\/>\n\n\n\n<div class=\"wp-block-columns is-layout-flex wp-container-core-columns-is-layout-9d6595d7 wp-block-columns-is-layout-flex\">\n<div class=\"wp-block-column is-layout-flow wp-block-column-is-layout-flow\">\n<figure class=\"wp-block-image size-full\"><img loading=\"lazy\" decoding=\"async\" width=\"768\" height=\"432\" src=\"https:\/\/www.airporttransfersbuenosaires.com\/es\/wp-content\/uploads\/2025\/05\/Tranfers-Buenos-Aires-Shore-Excursions-768x432-1.png\" alt=\"\" class=\"wp-image-864\" srcset=\"https:\/\/www.airporttransfersbuenosaires.com\/es\/wp-content\/uploads\/2025\/05\/Tranfers-Buenos-Aires-Shore-Excursions-768x432-1.png 768w, https:\/\/www.airporttransfersbuenosaires.com\/es\/wp-content\/uploads\/2025\/05\/Tranfers-Buenos-Aires-Shore-Excursions-768x432-1-300x169.png 300w\" sizes=\"auto, (max-width: 768px) 100vw, 768px\" \/><\/figure>\n<\/div>\n\n\n\n<div class=\"wp-block-column is-layout-flow wp-block-column-is-layout-flow\">\n<h2 class=\"wp-block-heading\"><strong>Tours desde el Puerto de Cruceros<\/strong><\/h2>\n\n\n\n<p>Todos los Tours que nuestra empresa ofrece pueden realizarse desde la el <a href=\"https:\/\/www.airporttransfersbuenosaires.com\/es\/traslados-terminal-cruceros.htm\">Puerto de Cruceros de Buenos Aires<\/a>. Recogida y regreso desde el Puerto y\/o aeropuertos. Servicios privados con total flexibilidad en horarios e itinerario. Tenga en cuenta que la hora de llegada\/salida del crucero en el puerto de Buenos Aires puede afectar la disponibilidad. Por favor, reserve con anticipaci\u00f3n o <a href=\"https:\/\/www.airporttransfersbuenosaires.com\/es\/contacto.htm\">p\u00f3ngase en contacto<\/a> con nosotros para obtener informaci\u00f3n adicional.<\/p>\n\n\n\n<div class=\"wp-block-buttons is-content-justification-center is-layout-flex wp-container-core-buttons-is-layout-16018d1d wp-block-buttons-is-layout-flex\">\n<div class=\"wp-block-button has-custom-width wp-block-button__width-75\"><a class=\"wp-block-button__link has-base-3-color has-contrast-background-color has-text-color has-background has-link-color has-medium-font-size has-custom-font-size wp-element-button\" href=\"https:\/\/www.airporttransfersbuenosaires.com\/es\/contacto.htm\" style=\"border-radius:10px\"><strong><span style=\"text-decoration: underline;\">Reservar ahora!<\/span><\/strong><\/a><\/div>\n<\/div>\n<\/div>\n<\/div>\n\n\n\n<hr class=\"wp-block-separator has-alpha-channel-opacity\"\/>\n\n\n\n<p><\/p>\n","protected":false},"excerpt":{"rendered":"<p>City Tour Buenos Aires Experiencia tur\u00edstica sin horarios r\u00edgidos. Servicio privado exclusivo para usted en un veh\u00edculo c\u00f3modo y con un amable gu\u00eda local profesional. El itinerario incluye visita a los barrios hist\u00f3ricos de San Telmo y La Boca. Centro Hist\u00f3rico, Plaza de Mayo, Puerto Madero, Recoleta y Palermo. Los principales puntos tur\u00edsticos est\u00e1n cubiertos &#8230; <a title=\"\" class=\"read-more\" href=\"https:\/\/www.airporttransfersbuenosaires.com\/es\/tours.htm\" aria-label=\"Leer m\u00e1s sobre \">Leer m\u00e1s<\/a><\/p>\n","protected":false},"author":1,"featured_media":0,"parent":0,"menu_order":0,"comment_status":"closed","ping_status":"closed","template":"","meta":{"footnotes":""},"class_list":["post-37","page","type-page","status-publish"],"yoast_head":"<!-- This site is optimized with the Yoast SEO plugin v27.5 - https:\/\/yoast.com\/product\/yoast-seo-wordpress\/ -->\n<title>Tours Buenos Aires - City Tour, Tango Show, Tigre, Fiesta Gaucha<\/title>\n<meta name=\"description\" content=\"Tours Buenos Aires. Las mejores excursiones. City Tour, Tango Show con cena, Tigre delta con paseo en Braco, Fiesta Gaucha y tour a Estancia.\" \/>\n<meta name=\"robots\" content=\"index, follow, max-snippet:-1, max-image-preview:large, max-video-preview:-1\" \/>\n<link rel=\"canonical\" href=\"https:\/\/www.airporttransfersbuenosaires.com\/es\/tours.htm\" \/>\n<meta property=\"og:locale\" content=\"es_ES\" \/>\n<meta property=\"og:type\" content=\"article\" \/>\n<meta property=\"og:title\" content=\"Tours Buenos Aires - City Tour, Tango Show, Tigre, Fiesta Gaucha\" \/>\n<meta property=\"og:description\" content=\"Tours Buenos Aires. Las mejores excursiones. City Tour, Tango Show con cena, Tigre delta con paseo en Braco, Fiesta Gaucha y tour a Estancia.\" \/>\n<meta property=\"og:url\" content=\"https:\/\/www.airporttransfersbuenosaires.com\/es\/tours.htm\" \/>\n<meta property=\"og:site_name\" content=\"Airport Transfers Buenos Aires\" \/>\n<meta property=\"article:modified_time\" content=\"2025-06-09T13:01:59+00:00\" \/>\n<meta name=\"twitter:card\" content=\"summary_large_image\" \/>\n<meta name=\"twitter:label1\" content=\"Tiempo de lectura\" \/>\n\t<meta name=\"twitter:data1\" content=\"4 minutos\" \/>\n<script type=\"application\/ld+json\" class=\"yoast-schema-graph\">{\"@context\":\"https:\\\/\\\/schema.org\",\"@graph\":[{\"@type\":\"WebPage\",\"@id\":\"https:\\\/\\\/www.airporttransfersbuenosaires.com\\\/es\\\/tours.htm\",\"url\":\"https:\\\/\\\/www.airporttransfersbuenosaires.com\\\/es\\\/tours.htm\",\"name\":\"Tours Buenos Aires - City Tour, Tango Show, Tigre, Fiesta Gaucha\",\"isPartOf\":{\"@id\":\"http:\\\/\\\/box2202.temp.domains\\\/~buenosa2\\\/airporttransfersbuenosaires\\\/es\\\/#website\"},\"primaryImageOfPage\":{\"@id\":\"https:\\\/\\\/www.airporttransfersbuenosaires.com\\\/es\\\/tours.htm#primaryimage\"},\"image\":{\"@id\":\"https:\\\/\\\/www.airporttransfersbuenosaires.com\\\/es\\\/tours.htm#primaryimage\"},\"thumbnailUrl\":\"https:\\\/\\\/airporttransfersbuenosaires.com\\\/wp-content\\\/uploads\\\/2025\\\/03\\\/buenos-aires-city-tour.jpg\",\"datePublished\":\"2023-04-25T20:27:44+00:00\",\"dateModified\":\"2025-06-09T13:01:59+00:00\",\"description\":\"Tours Buenos Aires. Las mejores excursiones. City Tour, Tango Show con cena, Tigre delta con paseo en Braco, Fiesta Gaucha y tour a Estancia.\",\"inLanguage\":\"es\",\"potentialAction\":[{\"@type\":\"ReadAction\",\"target\":[\"https:\\\/\\\/www.airporttransfersbuenosaires.com\\\/es\\\/tours.htm\"]}]},{\"@type\":\"ImageObject\",\"inLanguage\":\"es\",\"@id\":\"https:\\\/\\\/www.airporttransfersbuenosaires.com\\\/es\\\/tours.htm#primaryimage\",\"url\":\"https:\\\/\\\/airporttransfersbuenosaires.com\\\/wp-content\\\/uploads\\\/2025\\\/03\\\/buenos-aires-city-tour.jpg\",\"contentUrl\":\"https:\\\/\\\/airporttransfersbuenosaires.com\\\/wp-content\\\/uploads\\\/2025\\\/03\\\/buenos-aires-city-tour.jpg\"},{\"@type\":\"WebSite\",\"@id\":\"http:\\\/\\\/box2202.temp.domains\\\/~buenosa2\\\/airporttransfersbuenosaires\\\/es\\\/#website\",\"url\":\"http:\\\/\\\/box2202.temp.domains\\\/~buenosa2\\\/airporttransfersbuenosaires\\\/es\\\/\",\"name\":\"Airport Transfers Buenos Aires\",\"description\":\"Traslados Aeropuerto en Buenos Aires\",\"publisher\":{\"@id\":\"http:\\\/\\\/box2202.temp.domains\\\/~buenosa2\\\/airporttransfersbuenosaires\\\/es\\\/#organization\"},\"potentialAction\":[{\"@type\":\"SearchAction\",\"target\":{\"@type\":\"EntryPoint\",\"urlTemplate\":\"http:\\\/\\\/box2202.temp.domains\\\/~buenosa2\\\/airporttransfersbuenosaires\\\/es\\\/?s={search_term_string}\"},\"query-input\":{\"@type\":\"PropertyValueSpecification\",\"valueRequired\":true,\"valueName\":\"search_term_string\"}}],\"inLanguage\":\"es\"},{\"@type\":\"Organization\",\"@id\":\"http:\\\/\\\/box2202.temp.domains\\\/~buenosa2\\\/airporttransfersbuenosaires\\\/es\\\/#organization\",\"name\":\"Airport Transfers Buenos Aires\",\"url\":\"http:\\\/\\\/box2202.temp.domains\\\/~buenosa2\\\/airporttransfersbuenosaires\\\/es\\\/\",\"logo\":{\"@type\":\"ImageObject\",\"inLanguage\":\"es\",\"@id\":\"http:\\\/\\\/box2202.temp.domains\\\/~buenosa2\\\/airporttransfersbuenosaires\\\/es\\\/#\\\/schema\\\/logo\\\/image\\\/\",\"url\":\"https:\\\/\\\/www.airporttransfersbuenosaires.com\\\/es\\\/wp-content\\\/uploads\\\/2025\\\/06\\\/cropped-airport-transfers-buenos-aires-logo-black.jpg\",\"contentUrl\":\"https:\\\/\\\/www.airporttransfersbuenosaires.com\\\/es\\\/wp-content\\\/uploads\\\/2025\\\/06\\\/cropped-airport-transfers-buenos-aires-logo-black.jpg\",\"width\":1078,\"height\":341,\"caption\":\"Airport Transfers Buenos Aires\"},\"image\":{\"@id\":\"http:\\\/\\\/box2202.temp.domains\\\/~buenosa2\\\/airporttransfersbuenosaires\\\/es\\\/#\\\/schema\\\/logo\\\/image\\\/\"}}]}<\/script>\n<!-- \/ Yoast SEO plugin. -->","yoast_head_json":{"title":"Tours Buenos Aires - City Tour, Tango Show, Tigre, Fiesta Gaucha","description":"Tours Buenos Aires. Las mejores excursiones. City Tour, Tango Show con cena, Tigre delta con paseo en Braco, Fiesta Gaucha y tour a Estancia.","robots":{"index":"index","follow":"follow","max-snippet":"max-snippet:-1","max-image-preview":"max-image-preview:large","max-video-preview":"max-video-preview:-1"},"canonical":"https:\/\/www.airporttransfersbuenosaires.com\/es\/tours.htm","og_locale":"es_ES","og_type":"article","og_title":"Tours Buenos Aires - City Tour, Tango Show, Tigre, Fiesta Gaucha","og_description":"Tours Buenos Aires. Las mejores excursiones. City Tour, Tango Show con cena, Tigre delta con paseo en Braco, Fiesta Gaucha y tour a Estancia.","og_url":"https:\/\/www.airporttransfersbuenosaires.com\/es\/tours.htm","og_site_name":"Airport Transfers Buenos Aires","article_modified_time":"2025-06-09T13:01:59+00:00","twitter_card":"summary_large_image","twitter_misc":{"Tiempo de lectura":"4 minutos"},"schema":{"@context":"https:\/\/schema.org","@graph":[{"@type":"WebPage","@id":"https:\/\/www.airporttransfersbuenosaires.com\/es\/tours.htm","url":"https:\/\/www.airporttransfersbuenosaires.com\/es\/tours.htm","name":"Tours Buenos Aires - City Tour, Tango Show, Tigre, Fiesta Gaucha","isPartOf":{"@id":"http:\/\/box2202.temp.domains\/~buenosa2\/airporttransfersbuenosaires\/es\/#website"},"primaryImageOfPage":{"@id":"https:\/\/www.airporttransfersbuenosaires.com\/es\/tours.htm#primaryimage"},"image":{"@id":"https:\/\/www.airporttransfersbuenosaires.com\/es\/tours.htm#primaryimage"},"thumbnailUrl":"https:\/\/airporttransfersbuenosaires.com\/wp-content\/uploads\/2025\/03\/buenos-aires-city-tour.jpg","datePublished":"2023-04-25T20:27:44+00:00","dateModified":"2025-06-09T13:01:59+00:00","description":"Tours Buenos Aires. Las mejores excursiones. City Tour, Tango Show con cena, Tigre delta con paseo en Braco, Fiesta Gaucha y tour a Estancia.","inLanguage":"es","potentialAction":[{"@type":"ReadAction","target":["https:\/\/www.airporttransfersbuenosaires.com\/es\/tours.htm"]}]},{"@type":"ImageObject","inLanguage":"es","@id":"https:\/\/www.airporttransfersbuenosaires.com\/es\/tours.htm#primaryimage","url":"https:\/\/airporttransfersbuenosaires.com\/wp-content\/uploads\/2025\/03\/buenos-aires-city-tour.jpg","contentUrl":"https:\/\/airporttransfersbuenosaires.com\/wp-content\/uploads\/2025\/03\/buenos-aires-city-tour.jpg"},{"@type":"WebSite","@id":"http:\/\/box2202.temp.domains\/~buenosa2\/airporttransfersbuenosaires\/es\/#website","url":"http:\/\/box2202.temp.domains\/~buenosa2\/airporttransfersbuenosaires\/es\/","name":"Airport Transfers Buenos Aires","description":"Traslados Aeropuerto en Buenos Aires","publisher":{"@id":"http:\/\/box2202.temp.domains\/~buenosa2\/airporttransfersbuenosaires\/es\/#organization"},"potentialAction":[{"@type":"SearchAction","target":{"@type":"EntryPoint","urlTemplate":"http:\/\/box2202.temp.domains\/~buenosa2\/airporttransfersbuenosaires\/es\/?s={search_term_string}"},"query-input":{"@type":"PropertyValueSpecification","valueRequired":true,"valueName":"search_term_string"}}],"inLanguage":"es"},{"@type":"Organization","@id":"http:\/\/box2202.temp.domains\/~buenosa2\/airporttransfersbuenosaires\/es\/#organization","name":"Airport Transfers Buenos Aires","url":"http:\/\/box2202.temp.domains\/~buenosa2\/airporttransfersbuenosaires\/es\/","logo":{"@type":"ImageObject","inLanguage":"es","@id":"http:\/\/box2202.temp.domains\/~buenosa2\/airporttransfersbuenosaires\/es\/#\/schema\/logo\/image\/","url":"https:\/\/www.airporttransfersbuenosaires.com\/es\/wp-content\/uploads\/2025\/06\/cropped-airport-transfers-buenos-aires-logo-black.jpg","contentUrl":"https:\/\/www.airporttransfersbuenosaires.com\/es\/wp-content\/uploads\/2025\/06\/cropped-airport-transfers-buenos-aires-logo-black.jpg","width":1078,"height":341,"caption":"Airport Transfers Buenos Aires"},"image":{"@id":"http:\/\/box2202.temp.domains\/~buenosa2\/airporttransfersbuenosaires\/es\/#\/schema\/logo\/image\/"}}]}},"_links":{"self":[{"href":"https:\/\/www.airporttransfersbuenosaires.com\/es\/wp-json\/wp\/v2\/pages\/37","targetHints":{"allow":["GET"]}}],"collection":[{"href":"https:\/\/www.airporttransfersbuenosaires.com\/es\/wp-json\/wp\/v2\/pages"}],"about":[{"href":"https:\/\/www.airporttransfersbuenosaires.com\/es\/wp-json\/wp\/v2\/types\/page"}],"author":[{"embeddable":true,"href":"https:\/\/www.airporttransfersbuenosaires.com\/es\/wp-json\/wp\/v2\/users\/1"}],"replies":[{"embeddable":true,"href":"https:\/\/www.airporttransfersbuenosaires.com\/es\/wp-json\/wp\/v2\/comments?post=37"}],"version-history":[{"count":20,"href":"https:\/\/www.airporttransfersbuenosaires.com\/es\/wp-json\/wp\/v2\/pages\/37\/revisions"}],"predecessor-version":[{"id":996,"href":"https:\/\/www.airporttransfersbuenosaires.com\/es\/wp-json\/wp\/v2\/pages\/37\/revisions\/996"}],"wp:attachment":[{"href":"https:\/\/www.airporttransfersbuenosaires.com\/es\/wp-json\/wp\/v2\/media?parent=37"}],"curies":[{"name":"wp","href":"https:\/\/api.w.org\/{rel}","templated":true}]}}