{"id":92,"date":"2023-04-27T11:40:18","date_gmt":"2023-04-27T11:40:18","guid":{"rendered":"https:\/\/www.airporttransfersbuenosaires.com\/es\/?page_id=92"},"modified":"2023-05-03T12:41:20","modified_gmt":"2023-05-03T12:41:20","slug":"preguntas-frecuentes-traslados-aeropuerto","status":"publish","type":"page","link":"https:\/\/www.airporttransfersbuenosaires.com\/es\/preguntas-frecuentes-traslados-aeropuerto.htm","title":{"rendered":"Preguntas Frecuentes"},"content":{"rendered":"\n<hr class=\"wp-block-separator has-alpha-channel-opacity\"\/>\n\n\n<div class=\"wp-block-image\">\n<figure class=\"aligncenter size-full\"><img loading=\"lazy\" decoding=\"async\" width=\"800\" height=\"216\" src=\"https:\/\/www.airporttransfersbuenosaires.com\/es\/wp-content\/uploads\/2023\/04\/preguntas-frequentes-traslados-aeropuerto-buenos-aires.jpg\" alt=\"\" class=\"wp-image-96\" srcset=\"https:\/\/www.airporttransfersbuenosaires.com\/es\/wp-content\/uploads\/2023\/04\/preguntas-frequentes-traslados-aeropuerto-buenos-aires.jpg 800w, https:\/\/www.airporttransfersbuenosaires.com\/es\/wp-content\/uploads\/2023\/04\/preguntas-frequentes-traslados-aeropuerto-buenos-aires-300x81.jpg 300w, https:\/\/www.airporttransfersbuenosaires.com\/es\/wp-content\/uploads\/2023\/04\/preguntas-frequentes-traslados-aeropuerto-buenos-aires-768x207.jpg 768w\" sizes=\"auto, (max-width: 800px) 100vw, 800px\" \/><\/figure>\n<\/div>\n\n\n<h2 class=\"wp-block-heading\">Preguntas Frecuentes Traslados Aeropuerto Buenos Aires<\/h2>\n\n\n\n<ul class=\"wp-block-list\">\n<li><a href=\"#precio\">Cuanto cuesta un Traslado Aeropuerto Buenos Aires<\/a><\/li>\n\n\n\n<li><a href=\"#pago\">C\u00f3mo pagar servicio de Traslados en Buenos Aires<\/a><\/li>\n\n\n\n<li><a href=\"#reservaero\">Como reservar un Traslado Aeropuerto Buenos Aires<\/a><\/li>\n\n\n\n<li><a href=\"#reservaero\">Como reservar un Traslado Puerto Cruceros Buenos Aires<\/a><\/li>\n\n\n\n<li><a href=\"#choferaero\">Como encuentro un chofer en Aeropuerto Buenos Aires<\/a><\/li>\n\n\n\n<li><a href=\"#choferpuerto\">Como encuentro un chofer en Puerto Cruceros Buenos Aires<\/a><\/li>\n\n\n\n<li><a href=\"#demora\">Qu\u00e9 sucede si el vuelo se demora o cancela<\/a><\/li>\n\n\n\n<li><a href=\"#ezeaep\">Cuanto tiempo tomo viajar entre Ezeiza y Aeroparque<\/a><\/li>\n\n\n\n<li><a href=\"#aerocrucero\">Cuanto tiempo toma viajar entre Aeropuerto y Puerto de Cruceros<\/a><\/li>\n\n\n\n<li><a href=\"#hora1\">A que hora me recoger\u00e1n cuando me dirija al aeropuerto<\/a><\/li>\n\n\n\n<li><a href=\"#equipaje\">Viajo con equipaje extra, \u00bfQu\u00e9 debo hacer?<\/a><\/li>\n<\/ul>\n\n\n\n<hr class=\"wp-block-separator has-alpha-channel-opacity\"\/>\n\n\n\n<h2 class=\"wp-block-heading\" id=\"precio\">\u00bfCu\u00e1l es el valor total del servicio?<\/h2>\n\n\n\n<ul class=\"wp-block-list\">\n<li><a href=\"https:\/\/airporttransfersbuenosaires.com\/es\/tarifas.htm\">Acceda a la lista de precios haciendo click aqui<\/a><\/li>\n\n\n\n<li>Los precios son finales<\/li>\n\n\n\n<li>No sera cobrado ningun adicional al momento su llegada<\/li>\n\n\n\n<li>Los valores incluyen impuestos, tasas, peajes y otros gastos<\/li>\n<\/ul>\n\n\n\n<h2 class=\"wp-block-heading\" id=\"reservaero\">\u00bfC\u00f3mo se realiza una reserva?<\/h2>\n\n\n\n<ul class=\"wp-block-list\">\n<li>Las reservas se realizan exclusivamente por Internet<\/li>\n\n\n\n<li><a href=\"https:\/\/airporttransfersbuenosaires.com\/es\/como-reservar-traslado-aeropuerto-ezeiza-aeroparque.htm\">Lea un instructivo paso-a-paso de como se realiza una reserva<\/a><\/li>\n\n\n\n<li><a href=\"https:\/\/airporttransfersbuenosaires.com\/es\/reservar.htm\">Acceda a sistema automatico de reservas haciendo click aqui<\/a><\/li>\n<\/ul>\n\n\n\n<h2 class=\"wp-block-heading\">\u00bfPuedo reservar sin usar el sistema autom\u00e1tico\/online?<\/h2>\n\n\n\n<ul class=\"wp-block-list\">\n<li>Podemos tomar su reserva por email o v\u00eda formulario de contacto<\/li>\n\n\n\n<li><a href=\"https:\/\/airporttransfersbuenosaires.com\/es\/contacto.htm\">Haga click aqu\u00ed para enviar sus datos y reservar manualmente<\/a><\/li>\n\n\n\n<li>No tomamos reserva por v\u00eda telef\u00f3nica<\/li>\n<\/ul>\n\n\n\n<h2 class=\"wp-block-heading\" id=\"choferaero\">\u00bfC\u00f3mo encuentro al chofer en el Aeropuerto?<\/h2>\n\n\n\n<p>Los aeropuertos de Buenos Aires son ca\u00f3ticos, sigua el siguiente procedimiento: recoja su equipaje y pase por la aduana. Despu\u00e9s de eso, ver\u00e1 a varios conductores con carteles en una sala de llegadas muy desorganizada. Tenga paciencia y busque su nombre (esto puede tardar un par de minutos debido a la falta de orden).<\/p>\n\n\n\n<h2 class=\"wp-block-heading\" id=\"choferpuerto\">\u00bfC\u00f3mo encuentro al chofer en el Puerto de Cruceros?<\/h2>\n\n\n\n<p>El Puerto de Cruceros de Buenos Aires es un lugar ca\u00f3tico. Trabajamos con un punto de encuentro para evitar desencuentros. Su conductor asignado aguardar\u00e1 por usted con un letrero mostrando su nombre&nbsp;PUERTA DE SALIDA 3. Tenga paciencia y busque a su chofer asignado (esto puede demorar un par de minutos debido a la falta de orden).<\/p>\n\n\n\n<p>Al momento de reservar su servicio y elegir un horario para que su chofer lo recoja, tenga en cuenta que el desembarco de puede llevar alg\u00fan tiempo y los retrasos suelen suceder. Durante la temporada de verano varios cruceros suelen atracar en simultaneo y el proceso de desembarque puede sufrir demoras.<\/p>\n\n\n\n<h2 class=\"wp-block-heading\" id=\"demora\">\u00bfQu\u00e9 sucede si el vuelo se demora o cancela?<\/h2>\n\n\n\n<ul class=\"wp-block-list\">\n<li>Se realiza un seguimiento de los vuelos v\u00eda internet.<\/li>\n\n\n\n<li>Si surgieran demoras razonables el chofer aguardara por usted.<\/li>\n\n\n\n<li>Si el vuelo es cancelado y recibimos de forma inmediata su nuevo vuelo de llegada, intentaremos por todos los medios atender su reserva siempre que contemos con disponibilidad para la nueva fecha\/hora de llegada.<\/li>\n<\/ul>\n\n\n\n<h2 class=\"wp-block-heading\" id=\"hora1\">\u00bfA que hora me recoger\u00e1n cuando me dirija al aeropuerto?<\/h2>\n\n\n\n<p>Usted podr\u00e1 decidir la hora de recogida desde su hotel al momento de realizar su reserva. Sugerimos no menos de 3 horas antes de la hora programada de salida de su vuelo.<\/p>\n\n\n\n<h2 class=\"wp-block-heading\" id=\"ezeaep\">\u00bfCu\u00e1nto tiempo toma ir desde Ezeiza a Aeroparque?<\/h2>\n\n\n\n<p>El viaje entre los 2 aeropuertos de Buenos Aires toma entre una hora y una hora y media de manejo, en horas pico puede ser un poco m\u00e1s. Sugerimos un m\u00ednimo de 3 o 4 horas entre vuelos para hacer una conexi\u00f3n entre aeropuertos.<\/p>\n\n\n\n<h2 class=\"wp-block-heading\" id=\"aerocrucero\">\u00bfCu\u00e1nto tiempo se tarda en viajar entre el Aeropuerto y el Puerto de Cruceros?&nbsp;<\/h2>\n\n\n\n<p>El viaje entre el&nbsp;<a href=\"https:\/\/www.aa2000.com.ar\/ezeiza\" target=\"_blank\" rel=\"noreferrer noopener\">Aeropuerto Internacional EZE<\/a>&nbsp;y el Puerto de Cruceros toma entre una hora y una hora y media, en horas pico puede ser un poco m\u00e1s. Conectar el Aeropuerto AEP con el Puerto de Cruceros no toma m\u00e1s de 30 minutos.<\/p>\n\n\n\n<h2 class=\"wp-block-heading\" id=\"pago\">\u00bfC\u00f3mo y cuando se realizan los pagos?<\/h2>\n\n\n\n<ul class=\"wp-block-list\">\n<li>Se aceptan todas las tarjetas de credito via internet<\/li>\n\n\n\n<li>Operamos tambien con PayPal como opcion de pagos<\/li>\n\n\n\n<li>Los choferes\/guias no est\u00e1n autorizados a recibir pagos<\/li>\n\n\n\n<li>Reservas son confirmadas solo con el pago anticipado del 100% del valor<\/li>\n<\/ul>\n\n\n\n<h2 class=\"wp-block-heading\" id=\"equipaje\">Viajo con equipaje extra, \u00bfQu\u00e9 debo hacer?<\/h2>\n\n\n\n<p>Si usted o alguien de su grupo viaja con mas de una maleta y un bolso de mano por persona debe entrar en contacto antes de realizar su reserva. Contamos con veh\u00edculos con capacidad para transportar todo tipo de equipaje, pero debemos ser notificados con anticipaci\u00f3n.<\/p>\n\n\n\n<h2 class=\"wp-block-heading\">\u00bfEs Airport Transfers Buenos Aires confiable?<\/h2>\n\n\n\n<ul class=\"wp-block-list\">\n<li>Usted puede verificar opiniones de clientes en <a href=\"https:\/\/www.tripadvisor.com\/Attraction_Review-g312741-d12415526-Reviews-AirportTransfersBuenosAires_com-Buenos_Aires_Capital_Federal_District.html\" target=\"_blank\" rel=\"noreferrer noopener\">TripAdvisor aqu\u00ed<\/a><\/li>\n\n\n\n<li>Verificada por procesadores de pago internacionales (PayPal y PayU)<\/li>\n<\/ul>\n","protected":false},"excerpt":{"rendered":"<p>Preguntas Frecuentes Traslados Aeropuerto Buenos Aires \u00bfCu\u00e1l es el valor total del servicio? \u00bfC\u00f3mo se realiza una reserva? \u00bfPuedo reservar sin usar el sistema autom\u00e1tico\/online? \u00bfC\u00f3mo encuentro al chofer en el Aeropuerto? Los aeropuertos de Buenos Aires son ca\u00f3ticos, sigua el siguiente procedimiento: recoja su equipaje y pase por la aduana. Despu\u00e9s de eso, ver\u00e1 &#8230; <a title=\"Preguntas Frecuentes\" class=\"read-more\" href=\"https:\/\/www.airporttransfersbuenosaires.com\/es\/preguntas-frecuentes-traslados-aeropuerto.htm\" aria-label=\"Leer m\u00e1s sobre Preguntas Frecuentes\">Leer m\u00e1s<\/a><\/p>\n","protected":false},"author":1,"featured_media":0,"parent":0,"menu_order":0,"comment_status":"closed","ping_status":"closed","template":"","meta":{"footnotes":""},"class_list":["post-92","page","type-page","status-publish"],"yoast_head":"<!-- This site is optimized with the Yoast SEO plugin v27.6 - https:\/\/yoast.com\/product\/yoast-seo-wordpress\/ -->\n<title>Preguntas Frecuentes Traslados Aeropuerto Buenos Aires<\/title>\n<meta name=\"description\" content=\"Preguntas Frecuentes Traslados Aeropuerto Buenos Aires. Cuanto cuesta un Traslado. Donde encuentro al chofer. Medios de pago. Como reservar\" \/>\n<meta name=\"robots\" content=\"index, follow, max-snippet:-1, max-image-preview:large, max-video-preview:-1\" \/>\n<link rel=\"canonical\" href=\"https:\/\/www.airporttransfersbuenosaires.com\/es\/preguntas-frecuentes-traslados-aeropuerto.htm\" \/>\n<meta property=\"og:locale\" content=\"es_ES\" \/>\n<meta property=\"og:type\" content=\"article\" \/>\n<meta property=\"og:title\" content=\"Preguntas Frecuentes Traslados Aeropuerto Buenos Aires\" \/>\n<meta property=\"og:description\" content=\"Preguntas Frecuentes Traslados Aeropuerto Buenos Aires. Cuanto cuesta un Traslado. Donde encuentro al chofer. Medios de pago. Como reservar\" \/>\n<meta property=\"og:url\" content=\"https:\/\/www.airporttransfersbuenosaires.com\/es\/preguntas-frecuentes-traslados-aeropuerto.htm\" \/>\n<meta property=\"og:site_name\" content=\"Airport Transfers Buenos Aires\" \/>\n<meta property=\"article:modified_time\" content=\"2023-05-03T12:41:20+00:00\" \/>\n<meta property=\"og:image\" content=\"https:\/\/www.airporttransfersbuenosaires.com\/es\/wp-content\/uploads\/2023\/04\/preguntas-frequentes-traslados-aeropuerto-buenos-aires.jpg\" \/>\n<meta name=\"twitter:card\" content=\"summary_large_image\" \/>\n<meta name=\"twitter:label1\" content=\"Tiempo de lectura\" \/>\n\t<meta name=\"twitter:data1\" content=\"4 minutos\" \/>\n<script type=\"application\/ld+json\" class=\"yoast-schema-graph\">{\"@context\":\"https:\\\/\\\/schema.org\",\"@graph\":[{\"@type\":\"WebPage\",\"@id\":\"https:\\\/\\\/www.airporttransfersbuenosaires.com\\\/es\\\/preguntas-frecuentes-traslados-aeropuerto.htm\",\"url\":\"https:\\\/\\\/www.airporttransfersbuenosaires.com\\\/es\\\/preguntas-frecuentes-traslados-aeropuerto.htm\",\"name\":\"Preguntas Frecuentes Traslados Aeropuerto Buenos Aires\",\"isPartOf\":{\"@id\":\"http:\\\/\\\/box2202.temp.domains\\\/~buenosa2\\\/airporttransfersbuenosaires\\\/es\\\/#website\"},\"primaryImageOfPage\":{\"@id\":\"https:\\\/\\\/www.airporttransfersbuenosaires.com\\\/es\\\/preguntas-frecuentes-traslados-aeropuerto.htm#primaryimage\"},\"image\":{\"@id\":\"https:\\\/\\\/www.airporttransfersbuenosaires.com\\\/es\\\/preguntas-frecuentes-traslados-aeropuerto.htm#primaryimage\"},\"thumbnailUrl\":\"https:\\\/\\\/www.airporttransfersbuenosaires.com\\\/es\\\/wp-content\\\/uploads\\\/2023\\\/04\\\/preguntas-frequentes-traslados-aeropuerto-buenos-aires.jpg\",\"datePublished\":\"2023-04-27T11:40:18+00:00\",\"dateModified\":\"2023-05-03T12:41:20+00:00\",\"description\":\"Preguntas Frecuentes Traslados Aeropuerto Buenos Aires. Cuanto cuesta un Traslado. Donde encuentro al chofer. Medios de pago. Como reservar\",\"breadcrumb\":{\"@id\":\"https:\\\/\\\/www.airporttransfersbuenosaires.com\\\/es\\\/preguntas-frecuentes-traslados-aeropuerto.htm#breadcrumb\"},\"inLanguage\":\"es\",\"potentialAction\":[{\"@type\":\"ReadAction\",\"target\":[\"https:\\\/\\\/www.airporttransfersbuenosaires.com\\\/es\\\/preguntas-frecuentes-traslados-aeropuerto.htm\"]}]},{\"@type\":\"ImageObject\",\"inLanguage\":\"es\",\"@id\":\"https:\\\/\\\/www.airporttransfersbuenosaires.com\\\/es\\\/preguntas-frecuentes-traslados-aeropuerto.htm#primaryimage\",\"url\":\"https:\\\/\\\/www.airporttransfersbuenosaires.com\\\/es\\\/wp-content\\\/uploads\\\/2023\\\/04\\\/preguntas-frequentes-traslados-aeropuerto-buenos-aires.jpg\",\"contentUrl\":\"https:\\\/\\\/www.airporttransfersbuenosaires.com\\\/es\\\/wp-content\\\/uploads\\\/2023\\\/04\\\/preguntas-frequentes-traslados-aeropuerto-buenos-aires.jpg\",\"width\":800,\"height\":216},{\"@type\":\"BreadcrumbList\",\"@id\":\"https:\\\/\\\/www.airporttransfersbuenosaires.com\\\/es\\\/preguntas-frecuentes-traslados-aeropuerto.htm#breadcrumb\",\"itemListElement\":[{\"@type\":\"ListItem\",\"position\":1,\"name\":\"Home\",\"item\":\"https:\\\/\\\/www.airporttransfersbuenosaires.com\\\/es\\\/\"},{\"@type\":\"ListItem\",\"position\":2,\"name\":\"Preguntas Frecuentes\"}]},{\"@type\":\"WebSite\",\"@id\":\"http:\\\/\\\/box2202.temp.domains\\\/~buenosa2\\\/airporttransfersbuenosaires\\\/es\\\/#website\",\"url\":\"http:\\\/\\\/box2202.temp.domains\\\/~buenosa2\\\/airporttransfersbuenosaires\\\/es\\\/\",\"name\":\"Airport Transfers Buenos Aires\",\"description\":\"Traslados Aeropuerto en Buenos Aires\",\"publisher\":{\"@id\":\"http:\\\/\\\/box2202.temp.domains\\\/~buenosa2\\\/airporttransfersbuenosaires\\\/es\\\/#organization\"},\"potentialAction\":[{\"@type\":\"SearchAction\",\"target\":{\"@type\":\"EntryPoint\",\"urlTemplate\":\"http:\\\/\\\/box2202.temp.domains\\\/~buenosa2\\\/airporttransfersbuenosaires\\\/es\\\/?s={search_term_string}\"},\"query-input\":{\"@type\":\"PropertyValueSpecification\",\"valueRequired\":true,\"valueName\":\"search_term_string\"}}],\"inLanguage\":\"es\"},{\"@type\":\"Organization\",\"@id\":\"http:\\\/\\\/box2202.temp.domains\\\/~buenosa2\\\/airporttransfersbuenosaires\\\/es\\\/#organization\",\"name\":\"Airport Transfers Buenos Aires\",\"url\":\"http:\\\/\\\/box2202.temp.domains\\\/~buenosa2\\\/airporttransfersbuenosaires\\\/es\\\/\",\"logo\":{\"@type\":\"ImageObject\",\"inLanguage\":\"es\",\"@id\":\"http:\\\/\\\/box2202.temp.domains\\\/~buenosa2\\\/airporttransfersbuenosaires\\\/es\\\/#\\\/schema\\\/logo\\\/image\\\/\",\"url\":\"https:\\\/\\\/www.airporttransfersbuenosaires.com\\\/es\\\/wp-content\\\/uploads\\\/2025\\\/06\\\/cropped-airport-transfers-buenos-aires-logo-black.jpg\",\"contentUrl\":\"https:\\\/\\\/www.airporttransfersbuenosaires.com\\\/es\\\/wp-content\\\/uploads\\\/2025\\\/06\\\/cropped-airport-transfers-buenos-aires-logo-black.jpg\",\"width\":1078,\"height\":341,\"caption\":\"Airport Transfers Buenos Aires\"},\"image\":{\"@id\":\"http:\\\/\\\/box2202.temp.domains\\\/~buenosa2\\\/airporttransfersbuenosaires\\\/es\\\/#\\\/schema\\\/logo\\\/image\\\/\"}}]}<\/script>\n<!-- \/ Yoast SEO plugin. -->","yoast_head_json":{"title":"Preguntas Frecuentes Traslados Aeropuerto Buenos Aires","description":"Preguntas Frecuentes Traslados Aeropuerto Buenos Aires. Cuanto cuesta un Traslado. Donde encuentro al chofer. Medios de pago. Como reservar","robots":{"index":"index","follow":"follow","max-snippet":"max-snippet:-1","max-image-preview":"max-image-preview:large","max-video-preview":"max-video-preview:-1"},"canonical":"https:\/\/www.airporttransfersbuenosaires.com\/es\/preguntas-frecuentes-traslados-aeropuerto.htm","og_locale":"es_ES","og_type":"article","og_title":"Preguntas Frecuentes Traslados Aeropuerto Buenos Aires","og_description":"Preguntas Frecuentes Traslados Aeropuerto Buenos Aires. Cuanto cuesta un Traslado. Donde encuentro al chofer. Medios de pago. Como reservar","og_url":"https:\/\/www.airporttransfersbuenosaires.com\/es\/preguntas-frecuentes-traslados-aeropuerto.htm","og_site_name":"Airport Transfers Buenos Aires","article_modified_time":"2023-05-03T12:41:20+00:00","og_image":[{"url":"https:\/\/www.airporttransfersbuenosaires.com\/es\/wp-content\/uploads\/2023\/04\/preguntas-frequentes-traslados-aeropuerto-buenos-aires.jpg","type":"","width":"","height":""}],"twitter_card":"summary_large_image","twitter_misc":{"Tiempo de lectura":"4 minutos"},"schema":{"@context":"https:\/\/schema.org","@graph":[{"@type":"WebPage","@id":"https:\/\/www.airporttransfersbuenosaires.com\/es\/preguntas-frecuentes-traslados-aeropuerto.htm","url":"https:\/\/www.airporttransfersbuenosaires.com\/es\/preguntas-frecuentes-traslados-aeropuerto.htm","name":"Preguntas Frecuentes Traslados Aeropuerto Buenos Aires","isPartOf":{"@id":"http:\/\/box2202.temp.domains\/~buenosa2\/airporttransfersbuenosaires\/es\/#website"},"primaryImageOfPage":{"@id":"https:\/\/www.airporttransfersbuenosaires.com\/es\/preguntas-frecuentes-traslados-aeropuerto.htm#primaryimage"},"image":{"@id":"https:\/\/www.airporttransfersbuenosaires.com\/es\/preguntas-frecuentes-traslados-aeropuerto.htm#primaryimage"},"thumbnailUrl":"https:\/\/www.airporttransfersbuenosaires.com\/es\/wp-content\/uploads\/2023\/04\/preguntas-frequentes-traslados-aeropuerto-buenos-aires.jpg","datePublished":"2023-04-27T11:40:18+00:00","dateModified":"2023-05-03T12:41:20+00:00","description":"Preguntas Frecuentes Traslados Aeropuerto Buenos Aires. Cuanto cuesta un Traslado. Donde encuentro al chofer. Medios de pago. Como reservar","breadcrumb":{"@id":"https:\/\/www.airporttransfersbuenosaires.com\/es\/preguntas-frecuentes-traslados-aeropuerto.htm#breadcrumb"},"inLanguage":"es","potentialAction":[{"@type":"ReadAction","target":["https:\/\/www.airporttransfersbuenosaires.com\/es\/preguntas-frecuentes-traslados-aeropuerto.htm"]}]},{"@type":"ImageObject","inLanguage":"es","@id":"https:\/\/www.airporttransfersbuenosaires.com\/es\/preguntas-frecuentes-traslados-aeropuerto.htm#primaryimage","url":"https:\/\/www.airporttransfersbuenosaires.com\/es\/wp-content\/uploads\/2023\/04\/preguntas-frequentes-traslados-aeropuerto-buenos-aires.jpg","contentUrl":"https:\/\/www.airporttransfersbuenosaires.com\/es\/wp-content\/uploads\/2023\/04\/preguntas-frequentes-traslados-aeropuerto-buenos-aires.jpg","width":800,"height":216},{"@type":"BreadcrumbList","@id":"https:\/\/www.airporttransfersbuenosaires.com\/es\/preguntas-frecuentes-traslados-aeropuerto.htm#breadcrumb","itemListElement":[{"@type":"ListItem","position":1,"name":"Home","item":"https:\/\/www.airporttransfersbuenosaires.com\/es\/"},{"@type":"ListItem","position":2,"name":"Preguntas Frecuentes"}]},{"@type":"WebSite","@id":"http:\/\/box2202.temp.domains\/~buenosa2\/airporttransfersbuenosaires\/es\/#website","url":"http:\/\/box2202.temp.domains\/~buenosa2\/airporttransfersbuenosaires\/es\/","name":"Airport Transfers Buenos Aires","description":"Traslados Aeropuerto en Buenos Aires","publisher":{"@id":"http:\/\/box2202.temp.domains\/~buenosa2\/airporttransfersbuenosaires\/es\/#organization"},"potentialAction":[{"@type":"SearchAction","target":{"@type":"EntryPoint","urlTemplate":"http:\/\/box2202.temp.domains\/~buenosa2\/airporttransfersbuenosaires\/es\/?s={search_term_string}"},"query-input":{"@type":"PropertyValueSpecification","valueRequired":true,"valueName":"search_term_string"}}],"inLanguage":"es"},{"@type":"Organization","@id":"http:\/\/box2202.temp.domains\/~buenosa2\/airporttransfersbuenosaires\/es\/#organization","name":"Airport Transfers Buenos Aires","url":"http:\/\/box2202.temp.domains\/~buenosa2\/airporttransfersbuenosaires\/es\/","logo":{"@type":"ImageObject","inLanguage":"es","@id":"http:\/\/box2202.temp.domains\/~buenosa2\/airporttransfersbuenosaires\/es\/#\/schema\/logo\/image\/","url":"https:\/\/www.airporttransfersbuenosaires.com\/es\/wp-content\/uploads\/2025\/06\/cropped-airport-transfers-buenos-aires-logo-black.jpg","contentUrl":"https:\/\/www.airporttransfersbuenosaires.com\/es\/wp-content\/uploads\/2025\/06\/cropped-airport-transfers-buenos-aires-logo-black.jpg","width":1078,"height":341,"caption":"Airport Transfers Buenos Aires"},"image":{"@id":"http:\/\/box2202.temp.domains\/~buenosa2\/airporttransfersbuenosaires\/es\/#\/schema\/logo\/image\/"}}]}},"_links":{"self":[{"href":"https:\/\/www.airporttransfersbuenosaires.com\/es\/wp-json\/wp\/v2\/pages\/92","targetHints":{"allow":["GET"]}}],"collection":[{"href":"https:\/\/www.airporttransfersbuenosaires.com\/es\/wp-json\/wp\/v2\/pages"}],"about":[{"href":"https:\/\/www.airporttransfersbuenosaires.com\/es\/wp-json\/wp\/v2\/types\/page"}],"author":[{"embeddable":true,"href":"https:\/\/www.airporttransfersbuenosaires.com\/es\/wp-json\/wp\/v2\/users\/1"}],"replies":[{"embeddable":true,"href":"https:\/\/www.airporttransfersbuenosaires.com\/es\/wp-json\/wp\/v2\/comments?post=92"}],"version-history":[{"count":5,"href":"https:\/\/www.airporttransfersbuenosaires.com\/es\/wp-json\/wp\/v2\/pages\/92\/revisions"}],"predecessor-version":[{"id":154,"href":"https:\/\/www.airporttransfersbuenosaires.com\/es\/wp-json\/wp\/v2\/pages\/92\/revisions\/154"}],"wp:attachment":[{"href":"https:\/\/www.airporttransfersbuenosaires.com\/es\/wp-json\/wp\/v2\/media?parent=92"}],"curies":[{"name":"wp","href":"https:\/\/api.w.org\/{rel}","templated":true}]}}